{"id":247,"date":"2026-02-27T13:21:45","date_gmt":"2026-02-27T13:21:45","guid":{"rendered":"https:\/\/customhatsmanufacturer.com\/?post_type=product&#038;p=247"},"modified":"2026-02-27T13:21:45","modified_gmt":"2026-02-27T13:21:45","slug":"custom-crewneck-sweaters-with-knit-logo-wholesale","status":"publish","type":"product","link":"https:\/\/customhatsmanufacturer.com\/de\/produkt\/custom-crewneck-sweaters-with-knit-logo-wholesale\/","title":{"rendered":"Individuelle Pullover mit gestricktem Logo (Gro\u00dfhandel)"},"content":{"rendered":"<p data-start=\"0\" data-end=\"525\">Diese individuellen Pullover mit Rundhalsausschnitt sind gestrickte Pullover, die f\u00fcr Markenartikel und Uniformierungsprogramme entwickelt wurden, wobei Ihr Logo direkt in das Gestrick integriert ist. Ein gestricktes Logo kann als Jacquard-Muster oder in Form von Bl\u00f6cken hergestellt werden, je nach Vorlage und gew\u00fcnschter Sch\u00e4rfe der Kanten; die Platzierung kann je nach Bedarf mittig, auf der linken Brustseite, auf dem R\u00fccken oder am \u00c4rmel erfolgen. Details wie Rippb\u00fcndchen am Hals, an den \u00c4rmeln und am Saum k\u00f6nnen nach Ihren W\u00fcnschen gestaltet werden.<\/p>\n<p data-start=\"527\" data-end=\"939\">Bei B2B-Auftr\u00e4gen \u00fcbersetzen wir Ihre Vektorgrafik in strickfertige Dateien, legen ein Vorproduktionsmuster vor (auf Anfrage) und f\u00fchren dann Massengr\u00f6\u00dfen und Farbvarianten f\u00fcr gleichbleibende Nachbestellungen aus. Zu den Optionen geh\u00f6ren Halsetiketten f\u00fcr Eigenmarken, Gr\u00f6\u00dfenetiketten, Anh\u00e4ngeetiketten und einzelhandelsgerechte Verpackungen. MOQ und Vorlaufzeit variieren - fordern Sie ein Angebot an. Am besten geeignet f\u00fcr Marken, Teams, Event-Merchandising-Partner und Einzelh\u00e4ndler, die ein hochwertiges, gestricktes Identit\u00e4tsmerkmal ben\u00f6tigen.<\/p>\n<ul data-start=\"941\" data-end=\"1091\">\n<li data-start=\"941\" data-end=\"978\">\n<p data-start=\"943\" data-end=\"978\">Pullover-Silhouette mit Rundhalsausschnitt<\/p>\n<\/li>\n<li data-start=\"979\" data-end=\"1004\">\n<p data-start=\"981\" data-end=\"1004\">Logo in den Stoff gestrickt<\/p>\n<\/li>\n<li data-start=\"1005\" data-end=\"1037\">\n<p data-start=\"1007\" data-end=\"1037\">Jacquard- oder Intarsien-Optionen<\/p>\n<\/li>\n<li data-start=\"1038\" data-end=\"1064\">\n<p data-start=\"1040\" data-end=\"1064\">Rippenverkleidungen auf Anfrage<\/p>\n<\/li>\n<li data-start=\"1065\" data-end=\"1091\">\n<p data-start=\"1067\" data-end=\"1091\">Gr\u00f6\u00dfe und Farbgebung l\u00e4uft<\/p>\n<\/li>\n<\/ul>","protected":false},"excerpt":{"rendered":"<p data-start=\"1093\" data-end=\"1317\">Strickpullover mit Rundhalsausschnitt und einem in die Strickstruktur eingearbeiteten Logo. Hergestellt f\u00fcr Gro\u00dfhandelsprogramme mit benutzerdefinierten Druckvorlagen, Gr\u00f6\u00dfenl\u00e4ufen und Beschriftungsoptionen. MOQ und Vorlaufzeiten variieren - fordern Sie ein Angebot an.<\/p>","protected":false},"featured_media":265,"template":"","meta":{"_gspb_post_css":""},"product_brand":[],"product_cat":[32,25],"product_tag":[],"class_list":{"0":"post-247","1":"product","2":"type-product","3":"status-publish","4":"has-post-thumbnail","6":"product_cat-sweaters-jumpers","7":"product_cat-clothing","9":"first","10":"instock","11":"shipping-taxable","12":"purchasable","13":"product-type-simple"},"_links":{"self":[{"href":"https:\/\/customhatsmanufacturer.com\/de\/wp-json\/wp\/v2\/product\/247","targetHints":{"allow":["GET"]}}],"collection":[{"href":"https:\/\/customhatsmanufacturer.com\/de\/wp-json\/wp\/v2\/product"}],"about":[{"href":"https:\/\/customhatsmanufacturer.com\/de\/wp-json\/wp\/v2\/types\/product"}],"wp:featuredmedia":[{"embeddable":true,"href":"https:\/\/customhatsmanufacturer.com\/de\/wp-json\/wp\/v2\/media\/265"}],"wp:attachment":[{"href":"https:\/\/customhatsmanufacturer.com\/de\/wp-json\/wp\/v2\/media?parent=247"}],"wp:term":[{"taxonomy":"product_brand","embeddable":true,"href":"https:\/\/customhatsmanufacturer.com\/de\/wp-json\/wp\/v2\/product_brand?post=247"},{"taxonomy":"product_cat","embeddable":true,"href":"https:\/\/customhatsmanufacturer.com\/de\/wp-json\/wp\/v2\/product_cat?post=247"},{"taxonomy":"product_tag","embeddable":true,"href":"https:\/\/customhatsmanufacturer.com\/de\/wp-json\/wp\/v2\/product_tag?post=247"}],"curies":[{"name":"wp","href":"https:\/\/api.w.org\/{rel}","templated":true}]}}