{"id":246,"date":"2026-02-27T13:16:47","date_gmt":"2026-02-27T13:16:47","guid":{"rendered":"https:\/\/customhatsmanufacturer.com\/?post_type=product&#038;p=246"},"modified":"2026-02-27T13:16:47","modified_gmt":"2026-02-27T13:16:47","slug":"cotton-pique-polos-for-uniform-programs-oem","status":"publish","type":"product","link":"https:\/\/customhatsmanufacturer.com\/de\/produkt\/cotton-pique-polos-for-uniform-programs-oem\/","title":{"rendered":"Baumwoll-Piqu\u00e9-Polos f\u00fcr Uniform-Programme (OEM)"},"content":{"rendered":"<p data-start=\"0\" data-end=\"462\">Polos aus Baumwollpiqu\u00e9 f\u00fcr Uniformierungsprogramme sind eine unkomplizierte M\u00f6glichkeit, das Erscheinungsbild der Mitarbeiter zu verbessern, ohne dass alle in steife Firmenhemden gekleidet werden m\u00fcssen. Das Piqu\u00e9-Gestrick ist f\u00fcr seine erhabene, strukturierte Struktur bekannt, die ein gepflegtes Erscheinungsbild unterst\u00fctzt und die Atmungsaktivit\u00e4t f\u00f6rdert - n\u00fctzlich f\u00fcr den Front-of-House-Bereich und leichte industrielle Aufgaben. Da die Basis aus Baumwolle besteht, bleibt das Tragegef\u00fchl den ganzen Tag \u00fcber angenehm.<\/p>\n<p data-start=\"464\" data-end=\"946\">Diese Polos werden f\u00fcr die OEM-Produktion hergestellt und k\u00f6nnen an Ihre Programmstandards und Nachbestellungsanforderungen angepasst werden. Zu den Optionen, die auf Anfrage erh\u00e4ltlich sind, geh\u00f6ren Farbvarianten, Gr\u00f6\u00dfen\u00e4nderungen, Kragen-\/B\u00fcndchenvarianten und private Etikettierung\/Verpackung. F\u00fcr das Branding w\u00e4hlen Sie eine Stickerei f\u00fcr ein klassisches, einheitliches Aussehen oder verwenden Sie Siebdruck\/Hitzetransfer f\u00fcr gr\u00f6\u00dfere Grafiken. MOQ und Vorlaufzeit variieren - fordern Sie ein Angebot an. Am besten geeignet f\u00fcr Marken, Teams, Veranstaltungen und Uniformh\u00e4ndler.<\/p>\n<ul data-start=\"947\" data-end=\"1167\">\n<li data-start=\"947\" data-end=\"977\">\n<p data-start=\"949\" data-end=\"977\">Strukturiertes Baumwoll-Piqu\u00e9-Gestrick<\/p>\n<\/li>\n<li data-start=\"978\" data-end=\"1020\">\n<p data-start=\"980\" data-end=\"1020\">Einheitliche, konsistente Pr\u00e4sentation<\/p>\n<\/li>\n<li data-start=\"1021\" data-end=\"1059\">\n<p data-start=\"1023\" data-end=\"1059\">Stickereifreundliche Platzierung des Logos<\/p>\n<\/li>\n<li data-start=\"1060\" data-end=\"1095\">\n<p data-start=\"1062\" data-end=\"1095\">Siebdruck oder Transferoption<\/p>\n<\/li>\n<li data-start=\"1096\" data-end=\"1129\">\n<p data-start=\"1098\" data-end=\"1129\">Gr\u00f6\u00dfenl\u00e4ufe f\u00fcr Teamausstattungen<\/p>\n<\/li>\n<li data-start=\"1130\" data-end=\"1167\">\n<p data-start=\"1132\" data-end=\"1167\">OEM-Beschriftung auf Anfrage erh\u00e4ltlich<\/p>\n<\/li>\n<\/ul>","protected":false},"excerpt":{"rendered":"<p data-start=\"1169\" data-end=\"1430\">Baumwoll-Piqu\u00e9-Poloshirts f\u00fcr Uniform-Programme, geliefert durch OEM-Herstellung. Strukturierter Strick f\u00fcr ein ordentliches Aussehen, mit Optionen f\u00fcr Stickerei, Siebdruck oder Thermotransferdruck. Gro\u00dfserien und Nachbestellungen - Angebot nach Spezifikation.<\/p>","protected":false},"featured_media":261,"template":"","meta":{"_gspb_post_css":""},"product_brand":[],"product_cat":[31,25],"product_tag":[],"class_list":{"0":"post-246","1":"product","2":"type-product","3":"status-publish","4":"has-post-thumbnail","6":"product_cat-polo-shirt","7":"product_cat-clothing","9":"first","10":"instock","11":"shipping-taxable","12":"purchasable","13":"product-type-simple"},"_links":{"self":[{"href":"https:\/\/customhatsmanufacturer.com\/de\/wp-json\/wp\/v2\/product\/246","targetHints":{"allow":["GET"]}}],"collection":[{"href":"https:\/\/customhatsmanufacturer.com\/de\/wp-json\/wp\/v2\/product"}],"about":[{"href":"https:\/\/customhatsmanufacturer.com\/de\/wp-json\/wp\/v2\/types\/product"}],"wp:featuredmedia":[{"embeddable":true,"href":"https:\/\/customhatsmanufacturer.com\/de\/wp-json\/wp\/v2\/media\/261"}],"wp:attachment":[{"href":"https:\/\/customhatsmanufacturer.com\/de\/wp-json\/wp\/v2\/media?parent=246"}],"wp:term":[{"taxonomy":"product_brand","embeddable":true,"href":"https:\/\/customhatsmanufacturer.com\/de\/wp-json\/wp\/v2\/product_brand?post=246"},{"taxonomy":"product_cat","embeddable":true,"href":"https:\/\/customhatsmanufacturer.com\/de\/wp-json\/wp\/v2\/product_cat?post=246"},{"taxonomy":"product_tag","embeddable":true,"href":"https:\/\/customhatsmanufacturer.com\/de\/wp-json\/wp\/v2\/product_tag?post=246"}],"curies":[{"name":"wp","href":"https:\/\/api.w.org\/{rel}","templated":true}]}}