{"id":187,"date":"2026-02-27T11:59:48","date_gmt":"2026-02-27T11:59:48","guid":{"rendered":"https:\/\/customhatsmanufacturer.com\/?post_type=product&#038;p=187"},"modified":"2026-02-27T11:59:48","modified_gmt":"2026-02-27T11:59:48","slug":"custom-t-shirts-with-screen-print-logo-wholesale","status":"publish","type":"product","link":"https:\/\/customhatsmanufacturer.com\/de\/produkt\/custom-t-shirts-with-screen-print-logo-wholesale\/","title":{"rendered":"Individuelle T-Shirts mit Siebdruck-Logo (Gro\u00dfhandel)"},"content":{"rendered":"<p data-start=\"0\" data-end=\"567\">Diese ma\u00dfgeschneiderten T-Shirts werden mit einem Siebdrucklogo geliefert, um eine saubere, wiederholbare Kennzeichnung \u00fcber eine ganze Auflage zu gew\u00e4hrleisten. Teilen Sie uns Ihre Druckvorlage und die bevorzugte Platzierung (linke Brustseite, gesamte Vorderseite, R\u00fcckseite, \u00c4rmel usw.) mit, und wir erstellen einen Probedruck, damit Ihr Design von Karton zu Karton konsistent bleibt. Der Siebdruck wird h\u00e4ufig f\u00fcr gr\u00f6\u00dfere Auflagen verwendet, bei denen sich die gleiche Grafik wiederholt, da sich die Einrichtung auf den gesamten Auftrag verteilt.<\/p>\n<p data-start=\"569\" data-end=\"929\">Verwenden Sie sie f\u00fcr einzelhandelsfertige Waren, Mitarbeiteruniformen oder die Verteilung bei Veranstaltungen - in gro\u00dfen Mengen \u00fcber einen Gro\u00dfhandelslieferanten bestellt und entsprechend Ihrem Arbeitsablauf verpackt. Zu den Optionen geh\u00f6ren Privatetiketten, Barcode-Aufkleber oder gemischte Gr\u00f6\u00dfensortimente auf Anfrage. MOQ und Vorlaufzeit variieren - fordern Sie ein Angebot an. Am besten geeignet f\u00fcr Marken, Teams, Veranstaltungen und Einzelh\u00e4ndler, die Logo-T-Shirts suchen.<\/p>\n<ul data-start=\"931\" data-end=\"1117\">\n<li data-start=\"931\" data-end=\"966\">\n<p data-start=\"933\" data-end=\"966\">Logoanbringung im Siebdruck<\/p>\n<\/li>\n<li data-start=\"967\" data-end=\"1009\">\n<p data-start=\"969\" data-end=\"1009\">Platzierungsm\u00f6glichkeiten: Brust, R\u00fccken, \u00c4rmel<\/p>\n<\/li>\n<li data-start=\"1010\" data-end=\"1046\">\n<p data-start=\"1012\" data-end=\"1046\">Nachweis vor der Produktion erbracht<\/p>\n<\/li>\n<li data-start=\"1047\" data-end=\"1081\">\n<p data-start=\"1049\" data-end=\"1081\">Gr\u00f6\u00dfenabh\u00e4ngige Sortimente werden unterst\u00fctzt<\/p>\n<\/li>\n<li data-start=\"1082\" data-end=\"1117\">\n<p data-start=\"1084\" data-end=\"1117\">Private Label-Optionen verf\u00fcgbar<\/p>\n<\/li>\n<\/ul>","protected":false},"excerpt":{"rendered":"<p data-start=\"1119\" data-end=\"1379\">Gro\u00dfhandel f\u00fcr individuelle T-Shirts mit Siebdruck-Logo f\u00fcr einheitliches Branding bei gr\u00f6\u00dferen Bestellungen. Vorlage einreichen, Platzierung w\u00e4hlen und Probedruck genehmigen. Optionale Beschriftung und Verpackung auf Anfrage erh\u00e4ltlich; MOQ und Vorlaufzeit variieren.<\/p>","protected":false},"featured_media":205,"template":"","meta":{"_gspb_post_css":""},"product_brand":[],"product_cat":[28,25],"product_tag":[],"class_list":{"0":"post-187","1":"product","2":"type-product","3":"status-publish","4":"has-post-thumbnail","6":"product_cat-t-shirt","7":"product_cat-clothing","9":"first","10":"instock","11":"shipping-taxable","12":"purchasable","13":"product-type-simple"},"_links":{"self":[{"href":"https:\/\/customhatsmanufacturer.com\/de\/wp-json\/wp\/v2\/product\/187","targetHints":{"allow":["GET"]}}],"collection":[{"href":"https:\/\/customhatsmanufacturer.com\/de\/wp-json\/wp\/v2\/product"}],"about":[{"href":"https:\/\/customhatsmanufacturer.com\/de\/wp-json\/wp\/v2\/types\/product"}],"wp:featuredmedia":[{"embeddable":true,"href":"https:\/\/customhatsmanufacturer.com\/de\/wp-json\/wp\/v2\/media\/205"}],"wp:attachment":[{"href":"https:\/\/customhatsmanufacturer.com\/de\/wp-json\/wp\/v2\/media?parent=187"}],"wp:term":[{"taxonomy":"product_brand","embeddable":true,"href":"https:\/\/customhatsmanufacturer.com\/de\/wp-json\/wp\/v2\/product_brand?post=187"},{"taxonomy":"product_cat","embeddable":true,"href":"https:\/\/customhatsmanufacturer.com\/de\/wp-json\/wp\/v2\/product_cat?post=187"},{"taxonomy":"product_tag","embeddable":true,"href":"https:\/\/customhatsmanufacturer.com\/de\/wp-json\/wp\/v2\/product_tag?post=187"}],"curies":[{"name":"wp","href":"https:\/\/api.w.org\/{rel}","templated":true}]}}