{"id":154,"date":"2026-02-27T11:13:58","date_gmt":"2026-02-27T11:13:58","guid":{"rendered":"https:\/\/customhatsmanufacturer.com\/?post_type=product&#038;p=154"},"modified":"2026-02-27T11:13:58","modified_gmt":"2026-02-27T11:13:58","slug":"slouch-beanies-for-streetwear-brands-oem","status":"publish","type":"product","link":"https:\/\/customhatsmanufacturer.com\/de\/produkt\/slouch-beanies-for-streetwear-brands-oem\/","title":{"rendered":"Slouch Beanies f\u00fcr Streetwear-Marken (OEM)"},"content":{"rendered":"<p data-start=\"0\" data-end=\"330\">Diese slouch beanies sind eine Streetwear-orientierte Strickm\u00fctzen-Silhouette mit einem l\u00e4ngeren K\u00f6rper, so dass der Scheitel zur\u00fcckf\u00e4llt und absichtlich drapiert wird. Die Form wird oft als b\u00fcndchenlos angegeben, aber ein umklappbares B\u00fcndchen kann hinzugef\u00fcgt werden, wenn Sie eine engere \u00d6ffnung oder zus\u00e4tzlichen Platz f\u00fcr ein Branding w\u00fcnschen.<\/p>\n<p data-start=\"332\" data-end=\"852\">F\u00fcr OEM-Programme entwickelt, erfolgt die Produktion nach Ihren Designvorgaben und Markenstandards und nicht nach einer Einheitsvorlage - verwenden Sie es f\u00fcr Gro\u00dfhandelsnachschub, Einzelhandelssortimente und Markteinf\u00fchrungen. Die Logo-Veredelung ist flexibel: Zu den Optionen geh\u00f6ren Stickerei, ein aufgen\u00e4hter Aufn\u00e4her oder ein gewebtes Etikett, je nach Ihren Vorlagen und dem gew\u00fcnschten Look. MOQ und Vorlaufzeit variieren - fragen Sie nach einem Angebot. Zu den besten K\u00e4ufern geh\u00f6ren Streetwear-Labels, Boutique-Einzelh\u00e4ndler, Merch-Programme und Event-Veranstalter.<\/p>\n<ul data-start=\"853\" data-end=\"1029\">\n<li data-start=\"853\" data-end=\"881\">\n<p data-start=\"855\" data-end=\"881\">Langgestrecktes Slouch-Profil<\/p>\n<\/li>\n<li data-start=\"882\" data-end=\"911\">\n<p data-start=\"884\" data-end=\"911\">Bauten mit oder ohne Manschetten<\/p>\n<\/li>\n<li data-start=\"912\" data-end=\"936\">\n<p data-start=\"914\" data-end=\"936\">Strickmuster-Optionen<\/p>\n<\/li>\n<li data-start=\"937\" data-end=\"968\">\n<p data-start=\"939\" data-end=\"968\">Stickereif\u00e4hige Logofl\u00e4chen<\/p>\n<\/li>\n<li data-start=\"969\" data-end=\"1001\">\n<p data-start=\"971\" data-end=\"1001\">Aufn\u00e4her oder gewebte Etiketten als Zusatz<\/p>\n<\/li>\n<li data-start=\"1002\" data-end=\"1029\">\n<p data-start=\"1004\" data-end=\"1029\">Gro\u00dfverpackung auf Anfrage<\/p>\n<\/li>\n<\/ul>","protected":false},"excerpt":{"rendered":"<p data-start=\"1031\" data-end=\"1296\">Lang\u00e4rmelige Slouch-Beanie-M\u00fctze f\u00fcr Streetwear-Linien. OEM-Herstellung nach Ihren Vorgaben mit optionaler Bestickung, Aufn\u00e4hern oder gewebten Etiketten. Geeignet f\u00fcr Gro\u00dfhandelsnachschub und saisonale Angebote; MOQ und Vorlaufzeit werden pro Projekt angegeben.<\/p>","protected":false},"featured_media":171,"template":"","meta":{"_gspb_post_css":""},"product_brand":[],"product_cat":[24],"product_tag":[],"class_list":{"0":"post-154","1":"product","2":"type-product","3":"status-publish","4":"has-post-thumbnail","6":"product_cat-beanies-knit-hats","8":"first","9":"instock","10":"shipping-taxable","11":"purchasable","12":"product-type-simple"},"_links":{"self":[{"href":"https:\/\/customhatsmanufacturer.com\/de\/wp-json\/wp\/v2\/product\/154","targetHints":{"allow":["GET"]}}],"collection":[{"href":"https:\/\/customhatsmanufacturer.com\/de\/wp-json\/wp\/v2\/product"}],"about":[{"href":"https:\/\/customhatsmanufacturer.com\/de\/wp-json\/wp\/v2\/types\/product"}],"wp:featuredmedia":[{"embeddable":true,"href":"https:\/\/customhatsmanufacturer.com\/de\/wp-json\/wp\/v2\/media\/171"}],"wp:attachment":[{"href":"https:\/\/customhatsmanufacturer.com\/de\/wp-json\/wp\/v2\/media?parent=154"}],"wp:term":[{"taxonomy":"product_brand","embeddable":true,"href":"https:\/\/customhatsmanufacturer.com\/de\/wp-json\/wp\/v2\/product_brand?post=154"},{"taxonomy":"product_cat","embeddable":true,"href":"https:\/\/customhatsmanufacturer.com\/de\/wp-json\/wp\/v2\/product_cat?post=154"},{"taxonomy":"product_tag","embeddable":true,"href":"https:\/\/customhatsmanufacturer.com\/de\/wp-json\/wp\/v2\/product_tag?post=154"}],"curies":[{"name":"wp","href":"https:\/\/api.w.org\/{rel}","templated":true}]}}