{"id":153,"date":"2026-02-27T11:11:22","date_gmt":"2026-02-27T11:11:22","guid":{"rendered":"https:\/\/customhatsmanufacturer.com\/?post_type=product&#038;p=153"},"modified":"2026-02-27T11:11:22","modified_gmt":"2026-02-27T11:11:22","slug":"cuffed-knit-beanies-with-embroidered-logo-bulk","status":"publish","type":"product","link":"https:\/\/customhatsmanufacturer.com\/de\/produkt\/cuffed-knit-beanies-with-embroidered-logo-bulk\/","title":{"rendered":"Strickm\u00fctzen mit B\u00fcndchen und gesticktem Logo (Bulk)"},"content":{"rendered":"<p data-start=\"0\" data-end=\"359\">Diese Strickm\u00fctzen mit B\u00fcndchen sind f\u00fcr das Merchandising bei kaltem Wetter konzipiert und verf\u00fcgen \u00fcber ein umklappbares B\u00fcndchen, das zus\u00e4tzlichen Schutz bietet und ein sauberes, strukturiertes Band zur Dekoration schafft. Ihr gesticktes Logo sitzt prominent auf dem B\u00fcndchen und sorgt f\u00fcr ein hochwertiges, gen\u00e4htes Finish, das auch bei wiederholtem Tragen scharf bleibt.<\/p>\n<p data-start=\"361\" data-end=\"809\">Dieses f\u00fcr den Gro\u00dfeinkauf konzipierte Modell erm\u00f6glicht ein unkompliziertes Branding f\u00fcr Eigenmarken, Uniformierungsprogramme und Werbeartikel. Teilen Sie uns Ihr Motiv mit, und wir k\u00f6nnen es f\u00fcr die Bestickung vorbereiten. Zu den Optionen geh\u00f6ren Garnfarben, Logogr\u00f6\u00dfe, Platzierung sowie auf Wunsch Verpackung oder Innenbeschriftung. Mindestbestellmenge und Vorlaufzeit variieren - fordern Sie ein Angebot f\u00fcr Preise und Fristen an. Am besten geeignet f\u00fcr Marken, Teams, Veranstaltungen und Einzelh\u00e4ndler, die regelm\u00e4\u00dfig nachbestellen m\u00fcssen.<\/p>\n<ul data-start=\"811\" data-end=\"962\">\n<li data-start=\"811\" data-end=\"837\">\n<p data-start=\"813\" data-end=\"837\">Umklappbares Manschettenprofil<\/p>\n<\/li>\n<li data-start=\"838\" data-end=\"866\">\n<p data-start=\"840\" data-end=\"866\">Gesticktes Logo auf der Manschette<\/p>\n<\/li>\n<li data-start=\"867\" data-end=\"901\">\n<p data-start=\"869\" data-end=\"901\">Stretch-Strick, Komfort f\u00fcr jeden Tag<\/p>\n<\/li>\n<li data-start=\"902\" data-end=\"936\">\n<p data-start=\"904\" data-end=\"936\">Optionen f\u00fcr Gewindefarben verf\u00fcgbar<\/p>\n<\/li>\n<li data-start=\"937\" data-end=\"962\">\n<p data-start=\"939\" data-end=\"962\">Bulk-ready f\u00fcr den Wiederverkauf<\/p>\n<\/li>\n<\/ul>","protected":false},"excerpt":{"rendered":"<p data-start=\"964\" data-end=\"1225\">Gestrickte M\u00fctzen mit B\u00fcndchen und gesticktem Logo auf dem umgeschlagenen B\u00fcndchen. Geeignet f\u00fcr Gro\u00dfbestellungen mit konfigurierbaren Stickdetails und optionaler Etikettierung\/Verpackung auf Anfrage. Angebotspreise f\u00fcr Gro\u00dfhandel, OEM und Merch-Programme.<\/p>","protected":false},"featured_media":165,"template":"","meta":{"_gspb_post_css":""},"product_brand":[],"product_cat":[24],"product_tag":[],"class_list":{"0":"post-153","1":"product","2":"type-product","3":"status-publish","4":"has-post-thumbnail","6":"product_cat-beanies-knit-hats","8":"first","9":"instock","10":"shipping-taxable","11":"purchasable","12":"product-type-simple"},"_links":{"self":[{"href":"https:\/\/customhatsmanufacturer.com\/de\/wp-json\/wp\/v2\/product\/153","targetHints":{"allow":["GET"]}}],"collection":[{"href":"https:\/\/customhatsmanufacturer.com\/de\/wp-json\/wp\/v2\/product"}],"about":[{"href":"https:\/\/customhatsmanufacturer.com\/de\/wp-json\/wp\/v2\/types\/product"}],"wp:featuredmedia":[{"embeddable":true,"href":"https:\/\/customhatsmanufacturer.com\/de\/wp-json\/wp\/v2\/media\/165"}],"wp:attachment":[{"href":"https:\/\/customhatsmanufacturer.com\/de\/wp-json\/wp\/v2\/media?parent=153"}],"wp:term":[{"taxonomy":"product_brand","embeddable":true,"href":"https:\/\/customhatsmanufacturer.com\/de\/wp-json\/wp\/v2\/product_brand?post=153"},{"taxonomy":"product_cat","embeddable":true,"href":"https:\/\/customhatsmanufacturer.com\/de\/wp-json\/wp\/v2\/product_cat?post=153"},{"taxonomy":"product_tag","embeddable":true,"href":"https:\/\/customhatsmanufacturer.com\/de\/wp-json\/wp\/v2\/product_tag?post=153"}],"curies":[{"name":"wp","href":"https:\/\/api.w.org\/{rel}","templated":true}]}}