{"id":126,"date":"2026-02-27T10:32:10","date_gmt":"2026-02-27T10:32:10","guid":{"rendered":"https:\/\/customhatsmanufacturer.com\/?post_type=product&#038;p=126"},"modified":"2026-02-27T10:32:10","modified_gmt":"2026-02-27T10:32:10","slug":"moisture-wicking-visor-hats-for-golf-events-bulk","status":"publish","type":"product","link":"https:\/\/customhatsmanufacturer.com\/de\/produkt\/moisture-wicking-visor-hats-for-golf-events-bulk\/","title":{"rendered":"Feuchtigkeitstransportierende Visor-H\u00fcte f\u00fcr Golfveranstaltungen (Bulk)"},"content":{"rendered":"<p data-start=\"0\" data-end=\"370\">Die feuchtigkeitsableitenden Visierh\u00fcte f\u00fcr Golfveranstaltungen sind oben offene Visiere, die den Schwei\u00df an der Stirn ableiten und gleichzeitig die Bel\u00fcftung des Scheitels f\u00fcr ein warmes Spiel auf dem Platz gew\u00e4hrleisten. Die sonnensch\u00fctzende Krempe reduziert die Blendung auf Abschl\u00e4gen und Gr\u00fcns und macht sie zu einer praktischen Erg\u00e4nzung f\u00fcr Turnierausr\u00fcstungen, Caddie-Teams und Personal auf dem Platz.<\/p>\n<p data-start=\"372\" data-end=\"856\">F\u00fcr B2B-Programme werden diese in der Regel in gro\u00dfen Mengen f\u00fcr Ausfl\u00fcge, Profi-Turniere und Wohlt\u00e4tigkeitsveranstaltungen bestellt, wobei die Dekoration an Ihre Markenstandards angepasst wird. Zu den Optionen geh\u00f6ren Stickerei, ein aufgen\u00e4hter Aufn\u00e4her oder Thermotransfer-\/Siebdruck auf Anfrage, sowie anpassbare R\u00fcckenverschl\u00fcsse f\u00fcr gemischte Gruppen. Mindestbestellmenge und Vorlaufzeit variieren - fordern Sie ein Angebot mit Mengenangaben und Druckvorlagen an. Am besten geeignet f\u00fcr Marken, Teams, Eventveranstalter und Golfeinzelh\u00e4ndler.<\/p>\n<ul data-start=\"858\" data-end=\"1014\">\n<li data-start=\"858\" data-end=\"885\">\n<p data-start=\"860\" data-end=\"885\">Oben offenes Luftstromdesign<\/p>\n<\/li>\n<li data-start=\"886\" data-end=\"920\">\n<p data-start=\"888\" data-end=\"920\">Feuchtigkeitsableitendes Stirnband<\/p>\n<\/li>\n<li data-start=\"921\" data-end=\"950\">\n<p data-start=\"923\" data-end=\"950\">Gew\u00f6lbte Krempe mit Blendschutz<\/p>\n<\/li>\n<li data-start=\"951\" data-end=\"981\">\n<p data-start=\"953\" data-end=\"981\">Einstellbare Verschlussoptionen<\/p>\n<\/li>\n<li data-start=\"982\" data-end=\"1014\">\n<p data-start=\"984\" data-end=\"1014\">Bestickung\/Aufn\u00e4her\/Druck bereit<\/p>\n<\/li>\n<\/ul>","protected":false},"excerpt":{"rendered":"<p data-start=\"1016\" data-end=\"1281\">Feuchtigkeitsableitende Golf-Schirmm\u00fctzen f\u00fcr den Einsatz bei Veranstaltungen und f\u00fcr den Gro\u00dfeinkauf. Ideal f\u00fcr das Turnier-Branding mit optionaler Bestickung, Aufn\u00e4her-Applikation oder Heat-Transfer-Druck sowie verstellbaren Passformen f\u00fcr unterschiedliche Teilnehmergruppen.<\/p>","protected":false},"featured_media":147,"template":"","meta":{"_gspb_post_css":""},"product_brand":[],"product_cat":[23,15],"product_tag":[],"class_list":{"0":"post-126","1":"product","2":"type-product","3":"status-publish","4":"has-post-thumbnail","6":"product_cat-visor-hats","7":"product_cat-hats-caps","9":"first","10":"instock","11":"shipping-taxable","12":"purchasable","13":"product-type-simple"},"_links":{"self":[{"href":"https:\/\/customhatsmanufacturer.com\/de\/wp-json\/wp\/v2\/product\/126","targetHints":{"allow":["GET"]}}],"collection":[{"href":"https:\/\/customhatsmanufacturer.com\/de\/wp-json\/wp\/v2\/product"}],"about":[{"href":"https:\/\/customhatsmanufacturer.com\/de\/wp-json\/wp\/v2\/types\/product"}],"wp:featuredmedia":[{"embeddable":true,"href":"https:\/\/customhatsmanufacturer.com\/de\/wp-json\/wp\/v2\/media\/147"}],"wp:attachment":[{"href":"https:\/\/customhatsmanufacturer.com\/de\/wp-json\/wp\/v2\/media?parent=126"}],"wp:term":[{"taxonomy":"product_brand","embeddable":true,"href":"https:\/\/customhatsmanufacturer.com\/de\/wp-json\/wp\/v2\/product_brand?post=126"},{"taxonomy":"product_cat","embeddable":true,"href":"https:\/\/customhatsmanufacturer.com\/de\/wp-json\/wp\/v2\/product_cat?post=126"},{"taxonomy":"product_tag","embeddable":true,"href":"https:\/\/customhatsmanufacturer.com\/de\/wp-json\/wp\/v2\/product_tag?post=126"}],"curies":[{"name":"wp","href":"https:\/\/api.w.org\/{rel}","templated":true}]}}