{"id":125,"date":"2026-02-27T10:27:32","date_gmt":"2026-02-27T10:27:32","guid":{"rendered":"https:\/\/customhatsmanufacturer.com\/?post_type=product&#038;p=125"},"modified":"2026-02-27T10:27:33","modified_gmt":"2026-02-27T10:27:33","slug":"custom-sports-visors-with-logo-embroidery-wholesale","status":"publish","type":"product","link":"https:\/\/customhatsmanufacturer.com\/de\/produkt\/custom-sports-visors-with-logo-embroidery-wholesale\/","title":{"rendered":"Individuelle Sportvisiere mit Logo-Stickerei (Gro\u00dfhandel)"},"content":{"rendered":"<p data-start=\"0\" data-end=\"369\">Diese Sportvisiere sind Kopfbedeckungen mit offener Krone, die Blendeffekte von den Augen fernhalten und w\u00e4hrend des Spiels atmungsaktiv bleiben. Ihr Logo wird durch eine Stickerei aufgebracht, so dass es auch aus n\u00e4chster N\u00e4he sauber zu erkennen ist - n\u00fctzlich, wenn Sie ein einheitliches Branding f\u00fcr eine ganze Serie ben\u00f6tigen.<\/p>\n<p data-start=\"371\" data-end=\"818\">Sie wurden f\u00fcr B2B-Bestellungen entwickelt und eignen sich f\u00fcr einheitliche Programme und Warenlinien, bei denen das Design von Karton zu Karton konsistent bleiben muss. Zu den Optionen geh\u00f6ren die Form der Krempe, die Art des Verschlusses und die Platzierung des Logos, je nach Ihren Designvorgaben; teilen Sie uns Ihr Design und Ihre Spezifikationen mit, um ein Angebot f\u00fcr die Produktion zu erhalten. MOQ und Vorlaufzeit variieren - fordern Sie ein Angebot an. Am besten geeignet f\u00fcr Marken, Teams, Veranstaltungen und Einzelh\u00e4ndler, die zuverl\u00e4ssige Kopfbedeckungen mit ihrem Logo ben\u00f6tigen.<\/p>\n<ul data-start=\"819\" data-end=\"968\">\n<li data-start=\"819\" data-end=\"849\">\n<p data-start=\"821\" data-end=\"849\">Logo-Stickerei Dekoration<\/p>\n<\/li>\n<li data-start=\"850\" data-end=\"878\">\n<p data-start=\"852\" data-end=\"878\">Visierprofil mit offener Kappe<\/p>\n<\/li>\n<li data-start=\"879\" data-end=\"911\">\n<p data-start=\"881\" data-end=\"911\">Bulk-verpackt f\u00fcr den Vertrieb<\/p>\n<\/li>\n<li data-start=\"912\" data-end=\"943\">\n<p data-start=\"914\" data-end=\"943\">Farbanpassung auf Anfrage<\/p>\n<\/li>\n<li data-start=\"944\" data-end=\"968\">\n<p data-start=\"946\" data-end=\"968\">OEM-Beschriftungsoptionen<\/p>\n<\/li>\n<\/ul>","protected":false},"excerpt":{"rendered":"<p data-start=\"970\" data-end=\"1209\">Sportvisier mit Krempe und individueller Logostickerei f\u00fcr einheitliches Branding. Erh\u00e4ltlich f\u00fcr Gro\u00dfhandel und Massenproduktion mit optionaler OEM-Beschriftung und Spezifikationsauswahl. Teilen Sie uns Ihr Bildmaterial mit, um ein Angebot und Muster zu erhalten.<\/p>","protected":false},"featured_media":143,"template":"","meta":{"_gspb_post_css":""},"product_brand":[],"product_cat":[23,15],"product_tag":[],"class_list":{"0":"post-125","1":"product","2":"type-product","3":"status-publish","4":"has-post-thumbnail","6":"product_cat-visor-hats","7":"product_cat-hats-caps","9":"first","10":"instock","11":"shipping-taxable","12":"purchasable","13":"product-type-simple"},"_links":{"self":[{"href":"https:\/\/customhatsmanufacturer.com\/de\/wp-json\/wp\/v2\/product\/125","targetHints":{"allow":["GET"]}}],"collection":[{"href":"https:\/\/customhatsmanufacturer.com\/de\/wp-json\/wp\/v2\/product"}],"about":[{"href":"https:\/\/customhatsmanufacturer.com\/de\/wp-json\/wp\/v2\/types\/product"}],"wp:featuredmedia":[{"embeddable":true,"href":"https:\/\/customhatsmanufacturer.com\/de\/wp-json\/wp\/v2\/media\/143"}],"wp:attachment":[{"href":"https:\/\/customhatsmanufacturer.com\/de\/wp-json\/wp\/v2\/media?parent=125"}],"wp:term":[{"taxonomy":"product_brand","embeddable":true,"href":"https:\/\/customhatsmanufacturer.com\/de\/wp-json\/wp\/v2\/product_brand?post=125"},{"taxonomy":"product_cat","embeddable":true,"href":"https:\/\/customhatsmanufacturer.com\/de\/wp-json\/wp\/v2\/product_cat?post=125"},{"taxonomy":"product_tag","embeddable":true,"href":"https:\/\/customhatsmanufacturer.com\/de\/wp-json\/wp\/v2\/product_tag?post=125"}],"curies":[{"name":"wp","href":"https:\/\/api.w.org\/{rel}","templated":true}]}}