{"id":124,"date":"2026-02-27T10:24:39","date_gmt":"2026-02-27T10:24:39","guid":{"rendered":"https:\/\/customhatsmanufacturer.com\/?post_type=product&#038;p=124"},"modified":"2026-02-27T10:24:39","modified_gmt":"2026-02-27T10:24:39","slug":"soft-cotton-kids-hats-for-team-uniforms-oem","status":"publish","type":"product","link":"https:\/\/customhatsmanufacturer.com\/de\/produkt\/soft-cotton-kids-hats-for-team-uniforms-oem\/","title":{"rendered":"Weiche Kinderm\u00fctzen aus Baumwolle f\u00fcr Teamuniformen (OEM)"},"content":{"rendered":"<p data-start=\"0\" data-end=\"410\">Kinderm\u00fctzen aus weicher Baumwolle f\u00fcr koordinierte Teamuniformen - ideal, wenn Sie ein einheitliches Aussehen, bequemen Tragekomfort und unkomplizierte Nachbestellungen ben\u00f6tigen. Die Baumwollkonstruktion sorgt f\u00fcr ein angenehmes Handgef\u00fchl bei j\u00fcngeren Tr\u00e4gern, w\u00e4hrend die Gesamtsilhouette an Ihr Uniform-Programm angepasst werden kann (strukturiert oder unstrukturiert, gebogene oder flache Krempe und verstellbare Verschlussoptionen auf Anfrage).<\/p>\n<p data-start=\"412\" data-end=\"854\">F\u00fcr die B2B-Beschaffung werden diese als OEM-Kopfbedeckungen hergestellt, so dass Sie Farben, Ausstattungsdetails und die Platzierung von Markenzeichen mit Ihrem Lastenheft abstimmen k\u00f6nnen. Zu den Optionen geh\u00f6ren Direktbestickung, gewebte\/gestickte Aufn\u00e4her oder Druckapplikationen, je nach Ihren Vorlagen und Ihrem Budget. MOQ und Vorlaufzeit variieren - fordern Sie ein Angebot mit Ihrer Logodatei und dem gew\u00fcnschten Liefertermin an. Zu den besten Abnehmern geh\u00f6ren Uniformmarken, Schulmannschaften, Eventveranstalter und Sporth\u00e4ndler.<\/p>\n<ul data-start=\"855\" data-end=\"1032\">\n<li data-start=\"855\" data-end=\"880\">\n<p data-start=\"857\" data-end=\"880\">Weiches Baumwoll-Handgef\u00fchl<\/p>\n<\/li>\n<li data-start=\"881\" data-end=\"912\">\n<p data-start=\"883\" data-end=\"912\">Kinderfreundliche Gr\u00f6\u00dfenoptionen<\/p>\n<\/li>\n<li data-start=\"913\" data-end=\"936\">\n<p data-start=\"915\" data-end=\"936\">Gebogene oder flache Krempe<\/p>\n<\/li>\n<li data-start=\"937\" data-end=\"972\">\n<p data-start=\"939\" data-end=\"972\">Verstellbarer R\u00fcckenverschluss<\/p>\n<\/li>\n<li data-start=\"973\" data-end=\"1004\">\n<p data-start=\"975\" data-end=\"1004\">Stickerei, Aufn\u00e4her oder Druck<\/p>\n<\/li>\n<li data-start=\"1005\" data-end=\"1032\">\n<p data-start=\"1007\" data-end=\"1032\">OEM-Beschriftung auf Anfrage<\/p>\n<\/li>\n<\/ul>","protected":false},"excerpt":{"rendered":"<p data-start=\"1034\" data-end=\"1255\">Teamh\u00fcte aus weicher Baumwolle f\u00fcr Kinder, die f\u00fcr einheitliche Programme entwickelt wurden. Erh\u00e4ltlich f\u00fcr OEM-Bestellungen mit Logostickerei, Aufn\u00e4hern oder Aufdrucken auf Anfrage. MOQ und Vorlaufzeit variieren - Angebot erh\u00e4ltlich.<\/p>","protected":false},"featured_media":136,"template":"","meta":{"_gspb_post_css":""},"product_brand":[],"product_cat":[22,15],"product_tag":[],"class_list":{"0":"post-124","1":"product","2":"type-product","3":"status-publish","4":"has-post-thumbnail","6":"product_cat-kid-hats","7":"product_cat-hats-caps","9":"first","10":"instock","11":"shipping-taxable","12":"purchasable","13":"product-type-simple"},"_links":{"self":[{"href":"https:\/\/customhatsmanufacturer.com\/de\/wp-json\/wp\/v2\/product\/124","targetHints":{"allow":["GET"]}}],"collection":[{"href":"https:\/\/customhatsmanufacturer.com\/de\/wp-json\/wp\/v2\/product"}],"about":[{"href":"https:\/\/customhatsmanufacturer.com\/de\/wp-json\/wp\/v2\/types\/product"}],"wp:featuredmedia":[{"embeddable":true,"href":"https:\/\/customhatsmanufacturer.com\/de\/wp-json\/wp\/v2\/media\/136"}],"wp:attachment":[{"href":"https:\/\/customhatsmanufacturer.com\/de\/wp-json\/wp\/v2\/media?parent=124"}],"wp:term":[{"taxonomy":"product_brand","embeddable":true,"href":"https:\/\/customhatsmanufacturer.com\/de\/wp-json\/wp\/v2\/product_brand?post=124"},{"taxonomy":"product_cat","embeddable":true,"href":"https:\/\/customhatsmanufacturer.com\/de\/wp-json\/wp\/v2\/product_cat?post=124"},{"taxonomy":"product_tag","embeddable":true,"href":"https:\/\/customhatsmanufacturer.com\/de\/wp-json\/wp\/v2\/product_tag?post=124"}],"curies":[{"name":"wp","href":"https:\/\/api.w.org\/{rel}","templated":true}]}}