{"id":123,"date":"2026-02-27T10:20:28","date_gmt":"2026-02-27T10:20:28","guid":{"rendered":"https:\/\/customhatsmanufacturer.com\/?post_type=product&#038;p=123"},"modified":"2026-02-27T10:20:28","modified_gmt":"2026-02-27T10:20:28","slug":"adjustable-kids-trucker-hats-for-schools-bulk","status":"publish","type":"product","link":"https:\/\/customhatsmanufacturer.com\/de\/produkt\/adjustable-kids-trucker-hats-for-schools-bulk\/","title":{"rendered":"Verstellbare Kinder Trucker H\u00fcte f\u00fcr Schulen (Bulk)"},"content":{"rendered":"<p data-start=\"0\" data-end=\"515\">Diese verstellbaren Trucker-H\u00fcte f\u00fcr Kinder wurden f\u00fcr Schulprogramme und Kopfbedeckungen in Jugendgr\u00f6\u00dfe entwickelt und eignen sich f\u00fcr den Alltag, f\u00fcr Feste und Veranstaltungen auf dem Campus. Das Profil im Trucker-Stil sorgt f\u00fcr einen sportlichen Look, wobei die Konstruktion je nach Kundenwunsch angepasst werden kann, z. B. mit strukturierten Vorderteilen und atmungsaktivem Mesh-R\u00fccken. Ein verstellbarer Verschluss auf der R\u00fcckseite erleichtert die Anpassung an wachsende Sch\u00fcler und vereinfacht die Aufteilung auf Klassen und Teams.<\/p>\n<p data-start=\"517\" data-end=\"939\">Bei Gro\u00dfeink\u00e4ufen k\u00f6nnen Sie die Farben f\u00fcr Klassenstufen oder H\u00e4user standardisieren und dann auf der Vorderseite ein Branding durch Bestickung, einen aufgen\u00e4hten\/aufgeklebten Aufn\u00e4her oder Druck hinzuf\u00fcgen (auf Anfrage erh\u00e4ltlich). Stellen Sie uns Ihre Vorlagen und Platzierungshinweise zur Verf\u00fcgung, und wir unterbreiten Ihnen einen Kostenvoranschlag auf der Grundlage der Dekorations- und Verpackungsanforderungen; Mindestbestellmenge und Vorlaufzeit variieren - fordern Sie ein Angebot an. Am besten geeignet f\u00fcr Anbieter von Schuluniformen, Spirituosenmarken, Einzelh\u00e4ndler und Veranstaltungsorganisatoren.<\/p>\n<ul data-start=\"941\" data-end=\"1120\">\n<li data-start=\"941\" data-end=\"978\">\n<p data-start=\"943\" data-end=\"978\">Jugendfreundlicher verstellbarer Verschluss<\/p>\n<\/li>\n<li data-start=\"979\" data-end=\"1021\">\n<p data-start=\"981\" data-end=\"1021\">Atmungsaktive Verkleidungsoptionen im Trucker-Stil<\/p>\n<\/li>\n<li data-start=\"1022\" data-end=\"1057\">\n<p data-start=\"1024\" data-end=\"1057\">Vorderseite f\u00fcr Logoanbringung<\/p>\n<\/li>\n<li data-start=\"1058\" data-end=\"1090\">\n<p data-start=\"1060\" data-end=\"1090\">Gew\u00f6lbte Krempe, klassisches Profil<\/p>\n<\/li>\n<li data-start=\"1091\" data-end=\"1120\">\n<p data-start=\"1093\" data-end=\"1120\">Sammelbestellungen f\u00fcr Schulen<\/p>\n<\/li>\n<\/ul>","protected":false},"excerpt":{"rendered":"<p data-start=\"1122\" data-end=\"1377\">Verstellbare Kinder-Trucker-M\u00fctzen f\u00fcr Schulprogramme, die als Gro\u00dfpackung geliefert werden. W\u00e4hlen Sie eine Trucker-Konstruktion und entscheiden Sie sich f\u00fcr eine Stickerei, einen Aufn\u00e4her oder einen Druck auf der Vorderseite. Bestellung auf Angebotsbasis mit variablen Mindestbestellmengen und Vorlaufzeiten.<\/p>","protected":false},"featured_media":135,"template":"","meta":{"_gspb_post_css":""},"product_brand":[],"product_cat":[22,15],"product_tag":[],"class_list":{"0":"post-123","1":"product","2":"type-product","3":"status-publish","4":"has-post-thumbnail","6":"product_cat-kid-hats","7":"product_cat-hats-caps","9":"first","10":"instock","11":"shipping-taxable","12":"purchasable","13":"product-type-simple"},"_links":{"self":[{"href":"https:\/\/customhatsmanufacturer.com\/de\/wp-json\/wp\/v2\/product\/123","targetHints":{"allow":["GET"]}}],"collection":[{"href":"https:\/\/customhatsmanufacturer.com\/de\/wp-json\/wp\/v2\/product"}],"about":[{"href":"https:\/\/customhatsmanufacturer.com\/de\/wp-json\/wp\/v2\/types\/product"}],"wp:featuredmedia":[{"embeddable":true,"href":"https:\/\/customhatsmanufacturer.com\/de\/wp-json\/wp\/v2\/media\/135"}],"wp:attachment":[{"href":"https:\/\/customhatsmanufacturer.com\/de\/wp-json\/wp\/v2\/media?parent=123"}],"wp:term":[{"taxonomy":"product_brand","embeddable":true,"href":"https:\/\/customhatsmanufacturer.com\/de\/wp-json\/wp\/v2\/product_brand?post=123"},{"taxonomy":"product_cat","embeddable":true,"href":"https:\/\/customhatsmanufacturer.com\/de\/wp-json\/wp\/v2\/product_cat?post=123"},{"taxonomy":"product_tag","embeddable":true,"href":"https:\/\/customhatsmanufacturer.com\/de\/wp-json\/wp\/v2\/product_tag?post=123"}],"curies":[{"name":"wp","href":"https:\/\/api.w.org\/{rel}","templated":true}]}}