{"id":122,"date":"2026-02-27T10:17:07","date_gmt":"2026-02-27T10:17:07","guid":{"rendered":"https:\/\/customhatsmanufacturer.com\/?post_type=product&#038;p=122"},"modified":"2026-02-27T10:17:07","modified_gmt":"2026-02-27T10:17:07","slug":"kids-baseball-caps-with-custom-logo-wholesale","status":"publish","type":"product","link":"https:\/\/customhatsmanufacturer.com\/de\/produkt\/kids-baseball-caps-with-custom-logo-wholesale\/","title":{"rendered":"Kinder Baseballkappen mit individuellem Logo (Gro\u00dfhandel)"},"content":{"rendered":"<p data-start=\"0\" data-end=\"322\">Diese Baseballkappen f\u00fcr Kinder sind f\u00fcr die Gr\u00f6\u00dfe von Jugendlichen und f\u00fcr das t\u00e4gliche Tragen konzipiert und bilden eine saubere Basis f\u00fcr Markenprogramme, bei denen Passform und Haltbarkeit wichtig sind. Die vertraute Kappensilhouette - eine get\u00e4felte Krone mit einer Krempe - sorgt daf\u00fcr, dass das Design sichtbar bleibt, ohne dass es sich f\u00fcr junge Tr\u00e4ger zu gro\u00df anf\u00fchlt.<\/p>\n<p data-start=\"324\" data-end=\"804\">Bei Gro\u00dfhandelsbestellungen unterst\u00fctzen wir die Platzierung von Logos, die auf Ihre Designdatei und Ihre Kanalanforderungen zugeschnitten sind. Zu den Optionen geh\u00f6ren Direktstickerei, aufgen\u00e4hte Aufn\u00e4her oder Drucktransfers auf Anfrage. W\u00e4hlen Sie die Anzahl der Paneele, das Profil der Krempe (vorgew\u00f6lbt oder flach) und die Art des Verschlusses auf der R\u00fcckseite; MOQ und Vorlaufzeit variieren - fordern Sie ein Angebot an. Am besten geeignet f\u00fcr Marken, Jugendmannschaften, Schulprogramme und Veranstaltungsh\u00e4ndler.<\/p>\n<ul data-start=\"806\" data-end=\"959\">\n<li data-start=\"806\" data-end=\"838\">\n<p data-start=\"808\" data-end=\"838\">Passformprofile f\u00fcr Jugendliche verf\u00fcgbar<\/p>\n<\/li>\n<li data-start=\"839\" data-end=\"870\">\n<p data-start=\"841\" data-end=\"870\">Stickerei, Aufn\u00e4her oder Druck<\/p>\n<\/li>\n<li data-start=\"871\" data-end=\"898\">\n<p data-start=\"873\" data-end=\"898\">Vorgekr\u00fcmmte oder flache Krempe<\/p>\n<\/li>\n<li data-start=\"899\" data-end=\"929\">\n<p data-start=\"901\" data-end=\"929\">Einstellbare Verschlussoptionen<\/p>\n<\/li>\n<li data-start=\"930\" data-end=\"959\">\n<p data-start=\"932\" data-end=\"959\">Auf die Linie abgestimmte Farben<\/p>\n<\/li>\n<\/ul>","protected":false},"excerpt":{"rendered":"<p data-start=\"961\" data-end=\"1176\">Gro\u00dfhandel Kinder Baseball-Kappen f\u00fcr benutzerdefinierte Logo Arbeit eingerichtet. W\u00e4hlen Sie Stickerei, Aufn\u00e4her oder Druck Dekoration und spezifizieren Sie die Kappe Profil f\u00fcr Ihr Programm. MOQ und Vorlaufzeit variieren - fordern Sie ein Angebot an.<\/p>","protected":false},"featured_media":130,"template":"","meta":{"_gspb_post_css":""},"product_brand":[],"product_cat":[22,15],"product_tag":[],"class_list":{"0":"post-122","1":"product","2":"type-product","3":"status-publish","4":"has-post-thumbnail","6":"product_cat-kid-hats","7":"product_cat-hats-caps","9":"first","10":"instock","11":"shipping-taxable","12":"purchasable","13":"product-type-simple"},"_links":{"self":[{"href":"https:\/\/customhatsmanufacturer.com\/de\/wp-json\/wp\/v2\/product\/122","targetHints":{"allow":["GET"]}}],"collection":[{"href":"https:\/\/customhatsmanufacturer.com\/de\/wp-json\/wp\/v2\/product"}],"about":[{"href":"https:\/\/customhatsmanufacturer.com\/de\/wp-json\/wp\/v2\/types\/product"}],"wp:featuredmedia":[{"embeddable":true,"href":"https:\/\/customhatsmanufacturer.com\/de\/wp-json\/wp\/v2\/media\/130"}],"wp:attachment":[{"href":"https:\/\/customhatsmanufacturer.com\/de\/wp-json\/wp\/v2\/media?parent=122"}],"wp:term":[{"taxonomy":"product_brand","embeddable":true,"href":"https:\/\/customhatsmanufacturer.com\/de\/wp-json\/wp\/v2\/product_brand?post=122"},{"taxonomy":"product_cat","embeddable":true,"href":"https:\/\/customhatsmanufacturer.com\/de\/wp-json\/wp\/v2\/product_cat?post=122"},{"taxonomy":"product_tag","embeddable":true,"href":"https:\/\/customhatsmanufacturer.com\/de\/wp-json\/wp\/v2\/product_tag?post=122"}],"curies":[{"name":"wp","href":"https:\/\/api.w.org\/{rel}","templated":true}]}}